{"id":42,"date":"2014-02-17T14:18:05","date_gmt":"2014-02-17T14:18:05","guid":{"rendered":"http:\/\/demo.themegrill.com\/radiate\/?page_id=42"},"modified":"2026-01-26T14:16:11","modified_gmt":"2026-01-26T14:16:11","slug":"parallax-header","status":"publish","type":"page","link":"https:\/\/fgwuerenlingen.ch\/?page_id=42","title":{"rendered":"Willkommen!"},"content":{"rendered":"<header class=\"entry-header\">\n<h3 style=\"text-align: left;\">Unser Angebot f\u00fcr Kinder, Jugendliche, Familien, Senioren:<\/h3>\n<ul>\n<li>Flurina Club f\u00fcr alle Kinder von ganz klein bis ca. 8 Jahre in Begleitung einer erwachsenen Person.<\/li>\n<li>Kurse und Vortr\u00e4ge<\/li>\n<li>Kinderkleider Bazar<\/li>\n<li>Ausfl\u00fcge und Events<\/li>\n<li>Adventsweg durch W\u00fcrenlingen<\/li>\n<li>Seniorenanl\u00e4sse<\/li>\n<li>Generalversammlung<\/li>\n<\/ul>\n<p><strong>Anmeldungen\u00a0\u00a0\u00a0\u00a0\u00a0\u00a0\u00a0\u00a0\u00a0 <\/strong><\/p>\n<p>F\u00fcr alle Anl\u00e4sse k\u00f6nnen sie sich auch via E-Mail anmelden.<\/p>\n<p><a href=\"mailto:info@fgwuerenlingen.ch\">info@fgwuerenlingen.ch<\/a><\/p>\n<hr \/>\n<h3 class=\"entry-title\">Mitgliederbeitrag<\/h3>\n<\/header>\n<div class=\"entry-content\">\n<ul>\n<li>Jahresbeitrag 25.00<\/li>\n<li>IBAN CH73 8080 8005 6891 7566 6 \/ Konto Frauengemeinschaft W\u00fcrenlingen<\/li>\n<\/ul>\n<p><strong>Vorteile: <\/strong><\/p>\n<ul>\n<li>Jahresprogramm und Einladung zur Generalversammlung werden per Post zugestellt<\/li>\n<li>Mitgliederpreise<\/li>\n<li>Email vor den Anl\u00e4ssen f\u00fcr Kurse, Vortr\u00e4ge, Ausfl\u00fcge, Events<\/li>\n<\/ul>\n<\/div>\n","protected":false},"excerpt":{"rendered":"<p>Wir bieten ein vielseitiges Programm f\u00fcr jedes Alter.<br \/>\nImmer im Februar senden wird das neue Jahresprogramm an unsere Mitglieder.<br \/>\nM\u00f6chten Sie auch Mitglied werden?<\/p>\n","protected":false},"author":1,"featured_media":2803,"parent":0,"menu_order":0,"comment_status":"closed","ping_status":"open","template":"","meta":{"footnotes":""},"class_list":["post-42","page","type-page","status-publish","has-post-thumbnail","hentry"],"_links":{"self":[{"href":"https:\/\/fgwuerenlingen.ch\/index.php?rest_route=\/wp\/v2\/pages\/42","targetHints":{"allow":["GET"]}}],"collection":[{"href":"https:\/\/fgwuerenlingen.ch\/index.php?rest_route=\/wp\/v2\/pages"}],"about":[{"href":"https:\/\/fgwuerenlingen.ch\/index.php?rest_route=\/wp\/v2\/types\/page"}],"author":[{"embeddable":true,"href":"https:\/\/fgwuerenlingen.ch\/index.php?rest_route=\/wp\/v2\/users\/1"}],"replies":[{"embeddable":true,"href":"https:\/\/fgwuerenlingen.ch\/index.php?rest_route=%2Fwp%2Fv2%2Fcomments&post=42"}],"version-history":[{"count":17,"href":"https:\/\/fgwuerenlingen.ch\/index.php?rest_route=\/wp\/v2\/pages\/42\/revisions"}],"predecessor-version":[{"id":3682,"href":"https:\/\/fgwuerenlingen.ch\/index.php?rest_route=\/wp\/v2\/pages\/42\/revisions\/3682"}],"wp:featuredmedia":[{"embeddable":true,"href":"https:\/\/fgwuerenlingen.ch\/index.php?rest_route=\/wp\/v2\/media\/2803"}],"wp:attachment":[{"href":"https:\/\/fgwuerenlingen.ch\/index.php?rest_route=%2Fwp%2Fv2%2Fmedia&parent=42"}],"curies":[{"name":"wp","href":"https:\/\/api.w.org\/{rel}","templated":true}]}}