{"id":2687,"date":"2024-01-24T14:46:04","date_gmt":"2024-01-24T14:46:04","guid":{"rendered":"https:\/\/fgwuerenlingen.ch\/?page_id=2687"},"modified":"2024-01-24T15:06:38","modified_gmt":"2024-01-24T15:06:38","slug":"gottesdienst-mit-allen","status":"publish","type":"page","link":"https:\/\/fgwuerenlingen.ch\/?page_id=2687","title":{"rendered":"Gottesdienst mit allen"},"content":{"rendered":"<p style=\"font-weight: 400;\">Unsere <strong>\u00abGottesdienste mit allen\u00bb<\/strong> heissen <strong>alle Altersgruppen herzlich willkommen <\/strong>und werden als<strong> Pfarreigottesdienste <\/strong>am Samstagabend oder Sonntag gefeiert.<\/p>\n<p style=\"font-weight: 400;\">Diese Feiern beziehen sich auf aktuelle Themen des Kirchenjahres und sind von einem Team aus Seelsorger und Engagierten so gestaltet, dass Kinder sich speziell angesprochen f\u00fchlen und aktiv mitfeiern k\u00f6nnen.<\/p>\n<p style=\"font-weight: 400;\">Des Weiteren bieten wir spezielle, auf Kinder zugeschnittene Feiern an, die parallel mit dem Gottesdienst in der Kirche stattfinden. Thematisch und inhaltlich sprechen diese speziell gestalteten Angebote prim\u00e4r Kinder von der 1.-3. Klasse an, j\u00fcngere oder \u00e4ltere Geschwister sind nat\u00fcrlich ebenso willkommen.<\/p>\n<p style=\"font-weight: 400;\">Wir freuen uns sehr, wenn wir Ihr Interesse wecken k\u00f6nnen und Sie pers\u00f6nlich kennen lernen!<\/p>\n<p style=\"font-weight: 400;\"><em>F\u00fcr das Team: Marcus H\u00fcttner, Pfarreiseelsorger<\/em><\/p>\n<p><a href=\"https:\/\/pastoralraum-surbtal-wuerenlingen.ch\/wuerenlingen\/\">Weitere Informationen<\/a><\/p>\n<p>&nbsp;<\/p>\n<p><img loading=\"lazy\" decoding=\"async\" class=\"alignnone size-medium wp-image-2689\" src=\"http:\/\/fgwuerenlingen.ch\/wp-content\/uploads\/2024\/01\/Bildschirmfoto-2024-01-24-um-15.44.19-300x212.png\" alt=\"\" width=\"300\" height=\"212\" srcset=\"https:\/\/fgwuerenlingen.ch\/wp-content\/uploads\/2024\/01\/Bildschirmfoto-2024-01-24-um-15.44.19-300x212.png 300w, https:\/\/fgwuerenlingen.ch\/wp-content\/uploads\/2024\/01\/Bildschirmfoto-2024-01-24-um-15.44.19.png 620w\" sizes=\"auto, (max-width: 300px) 100vw, 300px\" \/><\/p>\n","protected":false},"excerpt":{"rendered":"<p>Unsere \u00abGottesdienste mit allen\u00bb heissen alle Altersgruppen herzlich willkommen und werden als Pfarreigottesdienste am Samstagabend oder Sonntag gefeiert. Diese Feiern beziehen sich auf aktuelle Themen des Kirchenjahres und sind von einem Team aus Seelsorger und Engagierten so gestaltet, dass Kinder sich speziell angesprochen f\u00fchlen und aktiv mitfeiern k\u00f6nnen. Des Weiteren bieten wir spezielle, auf Kinder [&hellip;]<\/p>\n","protected":false},"author":1,"featured_media":0,"parent":0,"menu_order":0,"comment_status":"closed","ping_status":"closed","template":"","meta":{"footnotes":""},"class_list":["post-2687","page","type-page","status-publish","hentry"],"_links":{"self":[{"href":"https:\/\/fgwuerenlingen.ch\/index.php?rest_route=\/wp\/v2\/pages\/2687","targetHints":{"allow":["GET"]}}],"collection":[{"href":"https:\/\/fgwuerenlingen.ch\/index.php?rest_route=\/wp\/v2\/pages"}],"about":[{"href":"https:\/\/fgwuerenlingen.ch\/index.php?rest_route=\/wp\/v2\/types\/page"}],"author":[{"embeddable":true,"href":"https:\/\/fgwuerenlingen.ch\/index.php?rest_route=\/wp\/v2\/users\/1"}],"replies":[{"embeddable":true,"href":"https:\/\/fgwuerenlingen.ch\/index.php?rest_route=%2Fwp%2Fv2%2Fcomments&post=2687"}],"version-history":[{"count":3,"href":"https:\/\/fgwuerenlingen.ch\/index.php?rest_route=\/wp\/v2\/pages\/2687\/revisions"}],"predecessor-version":[{"id":2702,"href":"https:\/\/fgwuerenlingen.ch\/index.php?rest_route=\/wp\/v2\/pages\/2687\/revisions\/2702"}],"wp:attachment":[{"href":"https:\/\/fgwuerenlingen.ch\/index.php?rest_route=%2Fwp%2Fv2%2Fmedia&parent=2687"}],"curies":[{"name":"wp","href":"https:\/\/api.w.org\/{rel}","templated":true}]}}