{"id":2159,"date":"2023-01-20T13:37:24","date_gmt":"2023-01-20T13:37:24","guid":{"rendered":"https:\/\/fgwuerenlingen.ch\/?page_id=2159"},"modified":"2025-09-09T08:51:09","modified_gmt":"2025-09-09T08:51:09","slug":"vorstand","status":"publish","type":"page","link":"https:\/\/fgwuerenlingen.ch\/?page_id=2159","title":{"rendered":"Kontakte"},"content":{"rendered":"<header class=\"entry-header\"><\/header>\n<div class=\"entry-content\">\n<p><b>M\u00f6chten Sie uns per Email kontaktieren dann schreiben Sie uns auf:<\/b><\/p>\n<p><a href=\"mailto:info@fgwuerenlingen.ch\">info@fgwuerenlingen.ch<\/a><\/p>\n<hr \/>\n<h2>Vorstand<\/h2>\n<\/div>\n<p><img loading=\"lazy\" decoding=\"async\" class=\"alignnone size-medium wp-image-2791\" src=\"http:\/\/fgwuerenlingen.ch\/wp-content\/uploads\/2024\/03\/IMG_7792-300x225.jpeg\" alt=\"\" width=\"300\" height=\"225\" srcset=\"https:\/\/fgwuerenlingen.ch\/wp-content\/uploads\/2024\/03\/IMG_7792-300x225.jpeg 300w, https:\/\/fgwuerenlingen.ch\/wp-content\/uploads\/2024\/03\/IMG_7792-1024x768.jpeg 1024w, https:\/\/fgwuerenlingen.ch\/wp-content\/uploads\/2024\/03\/IMG_7792-768x576.jpeg 768w, https:\/\/fgwuerenlingen.ch\/wp-content\/uploads\/2024\/03\/IMG_7792-1536x1152.jpeg 1536w, https:\/\/fgwuerenlingen.ch\/wp-content\/uploads\/2024\/03\/IMG_7792.jpeg 1600w\" sizes=\"auto, (max-width: 300px) 100vw, 300px\" \/><br \/>\n<span style=\"text-align: center;\">Claudia Scherrer, Pr\u00e4sidentin, 079 600 98 58<\/span><\/p>\n<div>\n<p>Sabine Meier, Aktuarin, 056 281 12 84<\/p>\n<\/div>\n<div>\n<p>Gabi Wicki, Kassierin, 079 317 80 92<\/p>\n<\/div>\n<div>\n<p>Sabine Merki, Website, 079 319 70 69<\/p>\n<\/div>\n<div>\n<p>Sandra Birchmeier, Beisitzerin, 079 777 84 75<\/p>\n<\/div>\n<div>\n<p>Miriam M\u00fchlebach, Beisitzerin, 079 485 81 50<\/p>\n<\/div>\n<div>\n<p>Jasmin Koller, Beisitzerin, 076 434 08 11<\/p>\n<p>&nbsp;<\/p>\n<\/div>\n<hr \/>\n<header class=\"entry-header\">\n<h2 class=\"entry-title\">Betreuungsgruppe der Senioren<\/h2>\n<p><strong>Betreuungsgruppe Senioren: \u00a0077 493 82 87<\/strong><\/p>\n<\/header>\n<div class=\"entry-content\">\n<p>Edith Z\u00fcrrer, 056 281 22 41<\/p>\n<p>Sandra Hossli, 056 281 22 79<\/p>\n<p>Anita B\u00e4chli, 056 281 22 38<\/p>\n<p>Trudi Michel, 056 281 28 72<\/p>\n<p>Andrea Hofer, 056 242 16 15<\/p>\n<p>Elisabeth V\u00f6geli, 056 281 14 52<\/p>\n<hr \/>\n<header class=\"entry-header\">\n<h2 class=\"entry-title\">Team \u201eFLURINA CLUB\u201c<\/h2>\n<\/header>\n<div class=\"entry-content\">\n<p><img loading=\"lazy\" decoding=\"async\" class=\"alignnone wp-image-2073 alignright\" src=\"http:\/\/fgwuerenlingen.ch\/wp-content\/uploads\/2023\/01\/Bildschirm\u00adfoto-2023-01-19-um-09.02.01.png\" sizes=\"auto, (max-width: 147px) 100vw, 147px\" srcset=\"https:\/\/fgwuerenlingen.ch\/wp-content\/uploads\/2023\/01\/Bildschirm\u00adfoto-2023-01-19-um-09.02.01.png 468w, https:\/\/fgwuerenlingen.ch\/wp-content\/uploads\/2023\/01\/Bildschirm\u00adfoto-2023-01-19-um-09.02.01-300x272.png 300w\" alt=\"\" width=\"147\" height=\"133\" \/><\/p>\n<p>Sandra Birchmeier, 079 777 84 75<\/p>\n<p>Elena Schneider, 078 801 25 49<\/p>\n<p>Natalie Signer<\/p>\n<\/div>\n<hr \/>\n<header class=\"entry-header\">\n<h2 class=\"entry-title\">Team \u201eAdventsweg\u201c<\/h2>\n<\/header>\n<div class=\"entry-content\">\n<p>Nicole Keller, 076 488 26 17<\/p>\n<p>Nicole Schneider, 056 210 16 88<\/p>\n<\/div>\n<hr \/>\n<div class=\"entry-content\">\n<header class=\"entry-header\">\n<h2 class=\"entry-title\">Aargauische katholische Frauenbund (AKF)<\/h2>\n<\/header>\n<div class=\"entry-content\">\n<p>Der Aargauische katholische Frauenbund (AKF) ist unser Dachverband und bietet seinerseits viele interessante Kurse an<strong>.<\/strong><\/p>\n<p><a href=\"http:\/\/www.frauenbund-aargau.ch\/\">www.frauenbund-aargau.ch<\/a><\/p>\n<p><strong>Homepage\u00a0\u00a0\u00a0\u00a0\u00a0 \u00a0\u00a0\u00a0\u00a0\u00a0\u00a0\u00a0\u00a0\u00a0\u00a0 <\/strong><strong><a href=\"http:\/\/www.fgwuerenlingen.ch\">www.fgwuerenlingen.ch<\/a><\/strong><\/p>\n<p><strong>Postadresse\u00a0\u00a0\u00a0\u00a0\u00a0\u00a0\u00a0\u00a0\u00a0\u00a0\u00a0\u00a0\u00a0 <\/strong>Claudia Scherrer, Tiergartenstrasse 15, 5303 W\u00fcrenlingen<\/p>\n<p><strong>Anmeldungen\u00a0\u00a0\u00a0\u00a0\u00a0\u00a0\u00a0\u00a0\u00a0 <\/strong>F\u00fcr alle Anl\u00e4sse k\u00f6nnen sie sich auch via E-Mail anmelden. \u00a0\u00a0 \u00a0\u00a0 \u00a0<a href=\"mailto:info@fgwuerenlingen.ch\">info@fgwuerenlingen.ch<\/a><\/p>\n<p><strong>Mitgliederbeitrag \u00a0 <\/strong>CHF 25.00<\/p>\n<\/div>\n<\/div>\n<\/div>\n","protected":false},"excerpt":{"rendered":"<p>M\u00f6chten Sie uns per Email kontaktieren dann schreiben Sie uns auf: info@fgwuerenlingen.ch Vorstand Claudia Scherrer, Pr\u00e4sidentin, 079 600 98 58 Sabine Meier, Aktuarin, 056 281 12 84 Gabi Wicki, Kassierin, 079 317 80 92 Sabine Merki, Website, 079 319 70 69 Sandra Birchmeier, Beisitzerin, 079 777 84 75 Miriam M\u00fchlebach, Beisitzerin, 079 485 81 50 [&hellip;]<\/p>\n","protected":false},"author":1,"featured_media":0,"parent":184,"menu_order":0,"comment_status":"closed","ping_status":"closed","template":"","meta":{"footnotes":""},"class_list":["post-2159","page","type-page","status-publish","hentry"],"_links":{"self":[{"href":"https:\/\/fgwuerenlingen.ch\/index.php?rest_route=\/wp\/v2\/pages\/2159","targetHints":{"allow":["GET"]}}],"collection":[{"href":"https:\/\/fgwuerenlingen.ch\/index.php?rest_route=\/wp\/v2\/pages"}],"about":[{"href":"https:\/\/fgwuerenlingen.ch\/index.php?rest_route=\/wp\/v2\/types\/page"}],"author":[{"embeddable":true,"href":"https:\/\/fgwuerenlingen.ch\/index.php?rest_route=\/wp\/v2\/users\/1"}],"replies":[{"embeddable":true,"href":"https:\/\/fgwuerenlingen.ch\/index.php?rest_route=%2Fwp%2Fv2%2Fcomments&post=2159"}],"version-history":[{"count":35,"href":"https:\/\/fgwuerenlingen.ch\/index.php?rest_route=\/wp\/v2\/pages\/2159\/revisions"}],"predecessor-version":[{"id":3588,"href":"https:\/\/fgwuerenlingen.ch\/index.php?rest_route=\/wp\/v2\/pages\/2159\/revisions\/3588"}],"up":[{"embeddable":true,"href":"https:\/\/fgwuerenlingen.ch\/index.php?rest_route=\/wp\/v2\/pages\/184"}],"wp:attachment":[{"href":"https:\/\/fgwuerenlingen.ch\/index.php?rest_route=%2Fwp%2Fv2%2Fmedia&parent=2159"}],"curies":[{"name":"wp","href":"https:\/\/api.w.org\/{rel}","templated":true}]}}