{"id":2110,"date":"2023-01-19T10:18:19","date_gmt":"2023-01-19T10:18:19","guid":{"rendered":"https:\/\/fgwuerenlingen.ch\/?page_id=2110"},"modified":"2026-01-26T12:39:11","modified_gmt":"2026-01-26T12:39:11","slug":"kinderkleider-und-spielzeugboerse-im-eigenverkauf-und-flurina-club","status":"publish","type":"page","link":"https:\/\/fgwuerenlingen.ch\/?page_id=2110","title":{"rendered":"Bazar \/ Kleidertausch"},"content":{"rendered":"<hr \/>\n<hr \/>\n<p style=\"font-weight: 400;\"><strong>Kleidertausch Party<br \/>\n<\/strong><\/p>\n<p><strong>Donnerstag, 21.05.2026 von 19.00 \u2013 21.00 Uhr<\/strong><\/p>\n<p>Hast du Kleidungsst\u00fccke, Schuhe oder Schmuck die ein neues Zuhause verdienen? Dann schnapp sie dir und komm vorbei!<br \/>\nTausche, verschenke und finde neue Lieblingst\u00fccke.<\/p>\n<p>Wir begr\u00fcssen dich mit einem kleinen Ap\u00e9ro. Weitere Getr\u00e4nke k\u00f6nnen an der Bar gekauft werden.<br \/>\nMit cooler Musik kannst du dich enspannt durchs Angebot st\u00f6bern.<\/p>\n<p>Ort: Dorfsch\u00fc\u00fcr, W\u00fcrenlingen<\/p>\n<p>Kosten: CHF 5.00 pro Person keine Anmeldung n\u00f6tig<\/p>\n<p>Hinweis \/ Regeln:<br \/>\n&#8211; Kleiderb\u00fcgel und Stangen sind vorhanden<br \/>\n&#8211; \u00fcbrige Kleider wieder mitnehmen<\/p>\n<p>Wir freuen uns auf einen gem\u00fctlichen Abend mit euch \ud83d\ude42<\/p>\n<hr \/>\n<hr \/>\n<p style=\"font-weight: 400;\"><strong>Spielzeug- und Kleider-Bazar <\/strong><strong>und FLURINA CLUB<\/strong><\/p>\n<p style=\"font-weight: 400;\"><strong>Samstag, 17.10.2026<\/strong><\/p>\n<p><img loading=\"lazy\" decoding=\"async\" class=\"alignleft wp-image-2908 size-medium\" src=\"http:\/\/fgwuerenlingen.ch\/wp-content\/uploads\/2024\/09\/IMG-20240908-WA0004-e1738610609733-300x158.jpg\" alt=\"\" width=\"300\" height=\"158\" srcset=\"https:\/\/fgwuerenlingen.ch\/wp-content\/uploads\/2024\/09\/IMG-20240908-WA0004-e1738610609733-300x158.jpg 300w, https:\/\/fgwuerenlingen.ch\/wp-content\/uploads\/2024\/09\/IMG-20240908-WA0004-e1738610609733-1024x538.jpg 1024w, https:\/\/fgwuerenlingen.ch\/wp-content\/uploads\/2024\/09\/IMG-20240908-WA0004-e1738610609733-768x403.jpg 768w, https:\/\/fgwuerenlingen.ch\/wp-content\/uploads\/2024\/09\/IMG-20240908-WA0004-e1738610609733.jpg 1447w\" sizes=\"auto, (max-width: 300px) 100vw, 300px\" \/><\/p>\n<p>&nbsp;<\/p>\n<p>&nbsp;<\/p>\n<p>&nbsp;<\/p>\n<p>&nbsp;<\/p>\n<p>&nbsp;<\/p>\n<p style=\"font-weight: 400;\">Seid bereit f\u00fcr einen bunten Tag voller Spa\u00df!<br \/>\nWir laden euch herzlich zu unserem gro\u00dfen Spielzeug- und Kleider-Bazar ein.<\/p>\n<p>Wo: Mehrzweckhalle Weissenstein<br \/>\nEinrichten: ab 10.15 Uhr<br \/>\nVerkauf: 11.00 \u2013 13.00 Uhr<br \/>\nKaffeestube: 11.00 \u2013 14.00 Uhr<\/p>\n<p>In unserer Kaffeestube erwarten euch feine Hotdogs, erfrischende Getr\u00e4nke und selbst gebackener Kuchen!<\/p>\n<p>Egal, ob ihr Spielzeug oder Kleidung verkaufen, tauschen oder neue Sch\u00e4tze entdecken wollt \u2013 unser Bazar ist der perfekte Ort daf\u00fcr.<br \/>\n\u2022 F\u00fcr Erwachsene oder alle, die es bequemer m\u00f6chten, gibt es Tische zu mieten: 5.\u2013 CHF<br \/>\n\u2022 Kinder bis 15 Jahre d\u00fcrfen gerne eine Wolldecke mitbringen, um ihre Sch\u00e4tze zu pr\u00e4sentieren.<br \/>\n\u2022 Jeder verkauft selbst und nimmt die unverkauften Artikel wieder mit nach Hause.<\/p>\n<p>Kommt vorbei und bringt gute Laune mit \u2013 wir freuen uns auf euch!<\/p>\n<p>Frauengemeinschaft W\u00fcrenlingen<\/p>\n","protected":false},"excerpt":{"rendered":"<p>Kleidertausch Party Donnerstag, 21.05.2026 von 19.00 \u2013 21.00 Uhr Hast du Kleidungsst\u00fccke, Schuhe oder Schmuck die ein neues Zuhause verdienen? Dann schnapp sie dir und komm vorbei! Tausche, verschenke und finde neue Lieblingst\u00fccke. Wir begr\u00fcssen dich mit einem kleinen Ap\u00e9ro. Weitere Getr\u00e4nke k\u00f6nnen an der Bar gekauft werden. Mit cooler Musik kannst du dich enspannt [&hellip;]<\/p>\n","protected":false},"author":1,"featured_media":0,"parent":152,"menu_order":0,"comment_status":"closed","ping_status":"closed","template":"","meta":{"footnotes":""},"class_list":["post-2110","page","type-page","status-publish","hentry"],"_links":{"self":[{"href":"https:\/\/fgwuerenlingen.ch\/index.php?rest_route=\/wp\/v2\/pages\/2110","targetHints":{"allow":["GET"]}}],"collection":[{"href":"https:\/\/fgwuerenlingen.ch\/index.php?rest_route=\/wp\/v2\/pages"}],"about":[{"href":"https:\/\/fgwuerenlingen.ch\/index.php?rest_route=\/wp\/v2\/types\/page"}],"author":[{"embeddable":true,"href":"https:\/\/fgwuerenlingen.ch\/index.php?rest_route=\/wp\/v2\/users\/1"}],"replies":[{"embeddable":true,"href":"https:\/\/fgwuerenlingen.ch\/index.php?rest_route=%2Fwp%2Fv2%2Fcomments&post=2110"}],"version-history":[{"count":19,"href":"https:\/\/fgwuerenlingen.ch\/index.php?rest_route=\/wp\/v2\/pages\/2110\/revisions"}],"predecessor-version":[{"id":3647,"href":"https:\/\/fgwuerenlingen.ch\/index.php?rest_route=\/wp\/v2\/pages\/2110\/revisions\/3647"}],"up":[{"embeddable":true,"href":"https:\/\/fgwuerenlingen.ch\/index.php?rest_route=\/wp\/v2\/pages\/152"}],"wp:attachment":[{"href":"https:\/\/fgwuerenlingen.ch\/index.php?rest_route=%2Fwp%2Fv2%2Fmedia&parent=2110"}],"curies":[{"name":"wp","href":"https:\/\/api.w.org\/{rel}","templated":true}]}}