{"id":2106,"date":"2023-01-19T10:12:39","date_gmt":"2023-01-19T10:12:39","guid":{"rendered":"https:\/\/fgwuerenlingen.ch\/?page_id=2106"},"modified":"2026-01-26T13:57:32","modified_gmt":"2026-01-26T13:57:32","slug":"anlaesse","status":"publish","type":"page","link":"https:\/\/fgwuerenlingen.ch\/?page_id=2106","title":{"rendered":"Ausfl\u00fcge \/ Events"},"content":{"rendered":"<p style=\"font-weight: 400;\"><strong>Vereinsreise \u00abB\u00e4umige Tradition\u00bb Baumwipfelpfad Neckertal &amp; Appenzeller Schauk\u00e4serei<br \/>\nDonnerstag, 11.06.2026<\/strong><\/p>\n<p style=\"font-weight: 400;\">Zeit: 07.25 &#8211; ca. \u00a018.30 Uhr, Abfahrt \/ Ankunft Gartenstrasse W\u00fcrenlingen<\/p>\n<p style=\"font-weight: 400;\">Kosten: ca. CHF 115.00 inkl. Kaffee &amp; Gipfeli, F\u00fchrung Baumwipfelpfad und Schauk\u00e4serei, Mittagessen und\u00a0Schlorzifladen &amp; Kaffee<\/p>\n<p><span style=\"font-weight: 400;\">Anmeldung: Miriam M\u00fchlebach, 076 434 08 11 bis 28.05.26<\/span><\/p>\n<hr \/>\n<hr \/>\n<p style=\"font-weight: 400;\"><strong>Historischer B\u00e4nkliweg Leibstadt<br \/>\nFreitag, 26.06.2026<\/strong><\/p>\n<p>Ein entspannter Spaziergang auf dem historischen B\u00e4nkliweg erwartet uns \u2013 inklusive kleiner St\u00e4rkung und ausreichend Zeit f\u00fcr Klatsch &amp; Tratsch<\/p>\n<p style=\"font-weight: 400;\">Treffpunkt: 19.oo Uhr Gemeindehausplatz W\u00fcrenlingen, Fahrgemeinschaften nach Leibstadt.<\/p>\n<p style=\"font-weight: 400;\">Kosten:\u00a0\u00a0\u00a0\u00a0\u00a0 Kollekte<\/p>\n<p><span style=\"font-weight: 400;\">Anmeldung: Claudia Scherrer, 079 600 98 58 bis 19.06.26<\/span><\/p>\n<hr \/>\n<hr \/>\n<p>&nbsp;<\/p>\n","protected":false},"excerpt":{"rendered":"<p>Vereinsreise \u00abB\u00e4umige Tradition\u00bb Baumwipfelpfad Neckertal &amp; Appenzeller Schauk\u00e4serei Donnerstag, 11.06.2026 Zeit: 07.25 &#8211; ca. \u00a018.30 Uhr, Abfahrt \/ Ankunft Gartenstrasse W\u00fcrenlingen Kosten: ca. CHF 115.00 inkl. Kaffee &amp; Gipfeli, F\u00fchrung Baumwipfelpfad und Schauk\u00e4serei, Mittagessen und\u00a0Schlorzifladen &amp; Kaffee Anmeldung: Miriam M\u00fchlebach, 076 434 08 11 bis 28.05.26 Historischer B\u00e4nkliweg Leibstadt Freitag, 26.06.2026 Ein entspannter Spaziergang auf [&hellip;]<\/p>\n","protected":false},"author":1,"featured_media":0,"parent":0,"menu_order":0,"comment_status":"closed","ping_status":"closed","template":"","meta":{"footnotes":""},"class_list":["post-2106","page","type-page","status-publish","hentry"],"_links":{"self":[{"href":"https:\/\/fgwuerenlingen.ch\/index.php?rest_route=\/wp\/v2\/pages\/2106","targetHints":{"allow":["GET"]}}],"collection":[{"href":"https:\/\/fgwuerenlingen.ch\/index.php?rest_route=\/wp\/v2\/pages"}],"about":[{"href":"https:\/\/fgwuerenlingen.ch\/index.php?rest_route=\/wp\/v2\/types\/page"}],"author":[{"embeddable":true,"href":"https:\/\/fgwuerenlingen.ch\/index.php?rest_route=\/wp\/v2\/users\/1"}],"replies":[{"embeddable":true,"href":"https:\/\/fgwuerenlingen.ch\/index.php?rest_route=%2Fwp%2Fv2%2Fcomments&post=2106"}],"version-history":[{"count":23,"href":"https:\/\/fgwuerenlingen.ch\/index.php?rest_route=\/wp\/v2\/pages\/2106\/revisions"}],"predecessor-version":[{"id":3675,"href":"https:\/\/fgwuerenlingen.ch\/index.php?rest_route=\/wp\/v2\/pages\/2106\/revisions\/3675"}],"wp:attachment":[{"href":"https:\/\/fgwuerenlingen.ch\/index.php?rest_route=%2Fwp%2Fv2%2Fmedia&parent=2106"}],"curies":[{"name":"wp","href":"https:\/\/api.w.org\/{rel}","templated":true}]}}