{"id":2104,"date":"2023-01-19T10:08:46","date_gmt":"2023-01-19T10:08:46","guid":{"rendered":"https:\/\/fgwuerenlingen.ch\/?page_id=2104"},"modified":"2026-01-26T14:05:53","modified_gmt":"2026-01-26T14:05:53","slug":"vereinsreise","status":"publish","type":"page","link":"https:\/\/fgwuerenlingen.ch\/?page_id=2104","title":{"rendered":"Vereinsreise \u00abB\u00e4umige Tradition\u00bb Baumwipfelpfad Neckertal &#038; Appenzeller Schauk\u00e4serei"},"content":{"rendered":"<p><strong>Donnerstag, 11.06.2026<\/strong><\/p>\n<p>Zeit: 07.25 \u2013 ca. \u00a018.30 Uhr, Abfahrt \/ Ankunft Gartenstrasse W\u00fcrenlingen<\/p>\n<p>Kosten: ca. CHF 115.00 inkl. Kaffee &amp; Gipfeli, F\u00fchrung Baumwipfelpfad und Schauk\u00e4serei, Mittagessen und\u00a0Schlorzifladen &amp; Kaffee<\/p>\n<p>Anmeldung: Miriam M\u00fchlebach, 076 434 08 11 bis 28.05.26<\/p>\n","protected":false},"excerpt":{"rendered":"<p>Donnerstag, 11.06.2026 Zeit: 07.25 \u2013 ca. \u00a018.30 Uhr, Abfahrt \/ Ankunft Gartenstrasse W\u00fcrenlingen Kosten: ca. CHF 115.00 inkl. Kaffee &amp; Gipfeli, F\u00fchrung Baumwipfelpfad und Schauk\u00e4serei, Mittagessen und\u00a0Schlorzifladen &amp; Kaffee Anmeldung: Miriam M\u00fchlebach, 076 434 08 11 bis 28.05.26<\/p>\n","protected":false},"author":1,"featured_media":0,"parent":152,"menu_order":0,"comment_status":"closed","ping_status":"closed","template":"","meta":{"footnotes":""},"class_list":["post-2104","page","type-page","status-publish","hentry"],"_links":{"self":[{"href":"https:\/\/fgwuerenlingen.ch\/index.php?rest_route=\/wp\/v2\/pages\/2104","targetHints":{"allow":["GET"]}}],"collection":[{"href":"https:\/\/fgwuerenlingen.ch\/index.php?rest_route=\/wp\/v2\/pages"}],"about":[{"href":"https:\/\/fgwuerenlingen.ch\/index.php?rest_route=\/wp\/v2\/types\/page"}],"author":[{"embeddable":true,"href":"https:\/\/fgwuerenlingen.ch\/index.php?rest_route=\/wp\/v2\/users\/1"}],"replies":[{"embeddable":true,"href":"https:\/\/fgwuerenlingen.ch\/index.php?rest_route=%2Fwp%2Fv2%2Fcomments&post=2104"}],"version-history":[{"count":10,"href":"https:\/\/fgwuerenlingen.ch\/index.php?rest_route=\/wp\/v2\/pages\/2104\/revisions"}],"predecessor-version":[{"id":3679,"href":"https:\/\/fgwuerenlingen.ch\/index.php?rest_route=\/wp\/v2\/pages\/2104\/revisions\/3679"}],"up":[{"embeddable":true,"href":"https:\/\/fgwuerenlingen.ch\/index.php?rest_route=\/wp\/v2\/pages\/152"}],"wp:attachment":[{"href":"https:\/\/fgwuerenlingen.ch\/index.php?rest_route=%2Fwp%2Fv2%2Fmedia&parent=2104"}],"curies":[{"name":"wp","href":"https:\/\/api.w.org\/{rel}","templated":true}]}}