{"id":1882,"date":"2023-01-17T10:45:49","date_gmt":"2023-01-17T10:45:49","guid":{"rendered":"https:\/\/fgwuerenlingen.ch\/?page_id=1882"},"modified":"2026-01-26T12:38:05","modified_gmt":"2026-01-26T12:38:05","slug":"flurina-club","status":"publish","type":"page","link":"https:\/\/fgwuerenlingen.ch\/?page_id=1882","title":{"rendered":"Flurina Club"},"content":{"rendered":"<p style=\"font-weight: 400; text-align: right;\"><a href=\"https:\/\/youtube.com\/shorts\/HTCbQd6SshA?feature=share\" target=\"_blank\" rel=\"noopener\"><img loading=\"lazy\" decoding=\"async\" class=\"alignnone wp-image-2401 size-medium\" src=\"http:\/\/fgwuerenlingen.ch\/wp-content\/uploads\/2023\/05\/PHOTO-2023-05-16-22-06-30-300x300.jpg\" alt=\"\" width=\"300\" height=\"300\" srcset=\"https:\/\/fgwuerenlingen.ch\/wp-content\/uploads\/2023\/05\/PHOTO-2023-05-16-22-06-30-300x300.jpg 300w, https:\/\/fgwuerenlingen.ch\/wp-content\/uploads\/2023\/05\/PHOTO-2023-05-16-22-06-30-1024x1024.jpg 1024w, https:\/\/fgwuerenlingen.ch\/wp-content\/uploads\/2023\/05\/PHOTO-2023-05-16-22-06-30-150x150.jpg 150w, https:\/\/fgwuerenlingen.ch\/wp-content\/uploads\/2023\/05\/PHOTO-2023-05-16-22-06-30-768x768.jpg 768w, https:\/\/fgwuerenlingen.ch\/wp-content\/uploads\/2023\/05\/PHOTO-2023-05-16-22-06-30-1536x1536.jpg 1536w, https:\/\/fgwuerenlingen.ch\/wp-content\/uploads\/2023\/05\/PHOTO-2023-05-16-22-06-30.jpg 2048w\" sizes=\"auto, (max-width: 300px) 100vw, 300px\" \/>\u00a0 \u00a0 \u00a0\u00a0<\/a><\/p>\n<p><strong>Die Erlebnisnachmittage mit unserem Eichh\u00f6rnchen Flurina finden jeweils am Mittwoch sowie einem Samstag an der Herbstb\u00f6rse statt. <\/strong><strong>Eingeladen sind alle Kinder von ganz klein bis ca. 8 Jahre in Begleitung einer erwachsenen Person.<\/strong><\/p>\n<p><strong>Gemeinsam gestalten wir einen abwechslungsreichen, spannenden Nachmittag zu den unterschiedlichsten Themen und der Jahreszeit entsprechend.\u00a0<\/strong><\/p>\n<p><strong>Die Nachmittage k\u00f6nnen einzeln und ohne Voranmeldung besucht werden.<\/strong><\/p>\n<p><strong>Wir freuen uns auf euer Kommen!<\/strong><\/p>\n<p><img loading=\"lazy\" decoding=\"async\" class=\"alignnone wp-image-2073\" src=\"http:\/\/fgwuerenlingen.ch\/wp-content\/uploads\/2023\/01\/Bildschirm\u00adfoto-2023-01-19-um-09.02.01-300x272.png\" alt=\"\" width=\"126\" height=\"114\" srcset=\"https:\/\/fgwuerenlingen.ch\/wp-content\/uploads\/2023\/01\/Bildschirm\u00adfoto-2023-01-19-um-09.02.01-300x272.png 300w, https:\/\/fgwuerenlingen.ch\/wp-content\/uploads\/2023\/01\/Bildschirm\u00adfoto-2023-01-19-um-09.02.01.png 468w\" sizes=\"auto, (max-width: 126px) 100vw, 126px\" \/><\/p>\n<hr \/>\n<p style=\"font-weight: 400;\"><strong>Chasperli, \u00abDe Kasperli und s\u2019chranke B\u00fcsi Mietzli\u00bb<\/strong><\/p>\n<p><strong>Mittwoch, 1<\/strong><b>.04.2026 <\/b><strong>von 14.30 \u2013 15.10 Uhr<br \/>\n<\/strong>Aula, Schulhaus Tannenweg, W\u00fcrenlingen Veranstalter: Kasperlitheater Gigelisuppe<\/p>\n<p style=\"font-weight: 400;\">Tri tra trallala de Chasperli esch wieder do\u2026<\/p>\n<p style=\"font-weight: 400;\">Kosten: CHF 5.00 pro Person, <span style=\"font-weight: 400;\">keine Anmeldung n\u00f6tig<\/span><\/p>\n<hr \/>\n<p style=\"font-weight: 400;\"><strong>FLURINA CLUB<br \/>\n<\/strong><strong>Mittwoch, 03.06.2026, 14.30 \u2013 16.00 Uhr<\/strong><\/p>\n<p style=\"font-weight: 400;\">Kosten:\u00a0\u00a0 Kollekte<\/p>\n<p>Weitere Infos folgen kurz vor dem Anlass auf WhatsApp, Insta und Website<\/p>\n<hr \/>\n<p style=\"font-weight: 400;\"><strong>FLURINA CLUB<br \/>\n<\/strong><strong>Mittwoch, 19.08.2026, 14.30 \u2013 16.00 Uhr<\/strong><\/p>\n<p style=\"font-weight: 400;\">Kosten:\u00a0\u00a0 Kollekte<\/p>\n<p>Weitere Infos folgen kurz vor dem Anlass auf WhatsApp, Insta und Website<\/p>\n<hr \/>\n<header class=\"entry-header\">\n<p class=\"entry-title\"><strong>FLURINA CLUB am Spielzeug- und Kleider-Bazar<br \/>\n<\/strong><strong>Samstag, 17.10.2026<\/strong><\/p>\n<\/header>\n<div class=\"entry-content\">\n<p>Seid bereit f\u00fcr einen bunten Tag voller Spa\u00df!<\/p>\n<p><img loading=\"lazy\" decoding=\"async\" class=\"alignleft wp-image-2908 size-medium\" src=\"http:\/\/fgwuerenlingen.ch\/wp-content\/uploads\/2024\/09\/IMG-20240908-WA0004-e1738610609733-300x158.jpg\" alt=\"\" width=\"300\" height=\"158\" srcset=\"https:\/\/fgwuerenlingen.ch\/wp-content\/uploads\/2024\/09\/IMG-20240908-WA0004-e1738610609733-300x158.jpg 300w, https:\/\/fgwuerenlingen.ch\/wp-content\/uploads\/2024\/09\/IMG-20240908-WA0004-e1738610609733-1024x538.jpg 1024w, https:\/\/fgwuerenlingen.ch\/wp-content\/uploads\/2024\/09\/IMG-20240908-WA0004-e1738610609733-768x403.jpg 768w, https:\/\/fgwuerenlingen.ch\/wp-content\/uploads\/2024\/09\/IMG-20240908-WA0004-e1738610609733.jpg 1447w\" sizes=\"auto, (max-width: 300px) 100vw, 300px\" \/><\/p>\n<p>&nbsp;<\/p>\n<p>&nbsp;<\/p>\n<p>&nbsp;<\/p>\n<p>Wir laden euch herzlich zu unserem gro\u00dfen Spielzeug- und Kleider-Bazar ein.<\/p>\n<p>Wo: Mehrzweckhalle Weissenstein<br \/>\nEinrichten: ab 10.15 Uhr<br \/>\nVerkauf: 11.00 \u2013 13.00 Uhr<br \/>\nKaffeestube: 11.00 \u2013 14.00 Uhr<\/p>\n<p>In unserer Kaffeestube erwarten euch feine Hotdogs, erfrischende Getr\u00e4nke und selbst gebackener Kuchen!<\/p>\n<p>Egal, ob ihr Spielzeug oder Kleidung verkaufen, tauschen oder neue Sch\u00e4tze entdecken wollt \u2013 unser Bazar ist der perfekte Ort daf\u00fcr.<br \/>\n\u2022 F\u00fcr Erwachsene oder alle, die es bequemer m\u00f6chten, gibt es Tische zu mieten: 5.\u2013 CHF<br \/>\n\u2022 Kinder bis 15 Jahre d\u00fcrfen gerne eine Wolldecke mitbringen, um ihre Sch\u00e4tze zu pr\u00e4sentieren.<br \/>\n\u2022 Jeder verkauft selbst und nimmt die unverkauften Artikel wieder mit nach Hause.<\/p>\n<p>Kommt vorbei und bringt gute Laune mit \u2013 wir freuen uns auf euch!<\/p>\n<p>Frauengemeinschaft W\u00fcrenlingen<\/p>\n<\/div>\n<hr \/>\n<p>&nbsp;<\/p>\n","protected":false},"excerpt":{"rendered":"<p>\u00a0 \u00a0 \u00a0\u00a0 Die Erlebnisnachmittage mit unserem Eichh\u00f6rnchen Flurina finden jeweils am Mittwoch sowie einem Samstag an der Herbstb\u00f6rse statt. Eingeladen sind alle Kinder von ganz klein bis ca. 8 Jahre in Begleitung einer erwachsenen Person. Gemeinsam gestalten wir einen abwechslungsreichen, spannenden Nachmittag zu den unterschiedlichsten Themen und der Jahreszeit entsprechend.\u00a0 Die Nachmittage k\u00f6nnen einzeln [&hellip;]<\/p>\n","protected":false},"author":1,"featured_media":0,"parent":0,"menu_order":0,"comment_status":"closed","ping_status":"closed","template":"","meta":{"footnotes":""},"class_list":["post-1882","page","type-page","status-publish","hentry"],"_links":{"self":[{"href":"https:\/\/fgwuerenlingen.ch\/index.php?rest_route=\/wp\/v2\/pages\/1882","targetHints":{"allow":["GET"]}}],"collection":[{"href":"https:\/\/fgwuerenlingen.ch\/index.php?rest_route=\/wp\/v2\/pages"}],"about":[{"href":"https:\/\/fgwuerenlingen.ch\/index.php?rest_route=\/wp\/v2\/types\/page"}],"author":[{"embeddable":true,"href":"https:\/\/fgwuerenlingen.ch\/index.php?rest_route=\/wp\/v2\/users\/1"}],"replies":[{"embeddable":true,"href":"https:\/\/fgwuerenlingen.ch\/index.php?rest_route=%2Fwp%2Fv2%2Fcomments&post=1882"}],"version-history":[{"count":70,"href":"https:\/\/fgwuerenlingen.ch\/index.php?rest_route=\/wp\/v2\/pages\/1882\/revisions"}],"predecessor-version":[{"id":3646,"href":"https:\/\/fgwuerenlingen.ch\/index.php?rest_route=\/wp\/v2\/pages\/1882\/revisions\/3646"}],"wp:attachment":[{"href":"https:\/\/fgwuerenlingen.ch\/index.php?rest_route=%2Fwp%2Fv2%2Fmedia&parent=1882"}],"curies":[{"name":"wp","href":"https:\/\/api.w.org\/{rel}","templated":true}]}}